{"id":6820,"date":"2024-03-03T11:27:05","date_gmt":"2024-03-03T10:27:05","guid":{"rendered":"https:\/\/sr.ewidenz.it\/das-restaurant\/"},"modified":"2025-06-11T09:33:25","modified_gmt":"2025-06-11T07:33:25","slug":"il-ristorante","status":"publish","type":"page","link":"https:\/\/steinraffler.it\/it\/il-ristorante\/","title":{"rendered":"Il ristorante"},"content":{"rendered":"\t\t<div data-elementor-type=\"wp-page\" data-elementor-id=\"6820\" class=\"elementor elementor-6820 elementor-5045\" data-elementor-post-type=\"page\">\n\t\t\t\t\t\t<section class=\"elementor-section elementor-top-section elementor-element elementor-element-ae3ea36 elementor-section-height-min-height elementor-section-boxed elementor-section-height-default elementor-section-items-middle\" data-id=\"ae3ea36\" data-element_type=\"section\" data-settings=\"{&quot;background_background&quot;:&quot;classic&quot;}\">\n\t\t\t\t\t\t\t<div class=\"elementor-background-overlay\"><\/div>\n\t\t\t\t\t\t\t<div class=\"elementor-container elementor-column-gap-default\">\n\t\t\t\t\t<div class=\"elementor-column elementor-col-100 elementor-top-column elementor-element elementor-element-f8cc94c\" data-id=\"f8cc94c\" data-element_type=\"column\">\n\t\t\t<div class=\"elementor-widget-wrap elementor-element-populated\">\n\t\t\t\t\t\t<div class=\"elementor-element elementor-element-beed93d elementor-widget elementor-widget-heading\" data-id=\"beed93d\" data-element_type=\"widget\" data-widget_type=\"heading.default\">\n\t\t\t\t<div class=\"elementor-widget-container\">\n\t\t\t\t\t<p class=\"elementor-heading-title elementor-size-default\">Unicamente bello<\/p>\t\t\t\t<\/div>\n\t\t\t\t<\/div>\n\t\t\t\t<div class=\"elementor-element elementor-element-bf0967f elementor-hidden-mobile_extra elementor-hidden-mobile elementor-widget elementor-widget-spacer\" data-id=\"bf0967f\" data-element_type=\"widget\" data-widget_type=\"spacer.default\">\n\t\t\t\t<div class=\"elementor-widget-container\">\n\t\t\t\t\t\t\t<div class=\"elementor-spacer\">\n\t\t\t<div class=\"elementor-spacer-inner\"><\/div>\n\t\t<\/div>\n\t\t\t\t\t\t<\/div>\n\t\t\t\t<\/div>\n\t\t\t\t<div class=\"elementor-element elementor-element-8a022b1 elementor-widget__width-initial elementor-widget elementor-widget-heading\" data-id=\"8a022b1\" data-element_type=\"widget\" data-widget_type=\"heading.default\">\n\t\t\t\t<div class=\"elementor-widget-container\">\n\t\t\t\t\t<p class=\"elementor-heading-title elementor-size-default\">In mezzo ai vigneti, accogliente e con una vista sull'Isarco<\/p>\t\t\t\t<\/div>\n\t\t\t\t<\/div>\n\t\t\t\t<div class=\"elementor-element elementor-element-e8ae9fb elementor-widget elementor-widget-spacer\" data-id=\"e8ae9fb\" data-element_type=\"widget\" data-widget_type=\"spacer.default\">\n\t\t\t\t<div class=\"elementor-widget-container\">\n\t\t\t\t\t\t\t<div class=\"elementor-spacer\">\n\t\t\t<div class=\"elementor-spacer-inner\"><\/div>\n\t\t<\/div>\n\t\t\t\t\t\t<\/div>\n\t\t\t\t<\/div>\n\t\t\t\t\t<\/div>\n\t\t<\/div>\n\t\t\t\t\t<\/div>\n\t\t<\/section>\n\t\t<div class=\"elementor-element elementor-element-85bd6b7 elementor-hidden-mobile e-flex e-con-boxed e-con e-parent\" data-id=\"85bd6b7\" data-element_type=\"container\">\n\t\t\t\t\t<div class=\"e-con-inner\">\n\t\t\t\t<div class=\"elementor-element elementor-element-065564c elementor-widget__width-auto elementor-view-default elementor-widget elementor-widget-icon\" data-id=\"065564c\" data-element_type=\"widget\" data-widget_type=\"icon.default\">\n\t\t\t\t<div class=\"elementor-widget-container\">\n\t\t\t\t\t\t\t<div class=\"elementor-icon-wrapper\">\n\t\t\t<a class=\"elementor-icon elementor-animation-sink\" href=\"#intro\">\n\t\t\t<i aria-hidden=\"true\" class=\"iconadwerto icon-adwertodown-open-big\"><\/i>\t\t\t<\/a>\n\t\t<\/div>\n\t\t\t\t\t\t<\/div>\n\t\t\t\t<\/div>\n\t\t\t\t\t<\/div>\n\t\t\t\t<\/div>\n\t\t\t\t<section class=\"elementor-section elementor-top-section elementor-element elementor-element-ff3726d elementor-hidden-mobile elementor-section-boxed elementor-section-height-default elementor-section-height-default\" data-id=\"ff3726d\" data-element_type=\"section\">\n\t\t\t\t\t\t<div class=\"elementor-container elementor-column-gap-no\">\n\t\t\t\t\t<div class=\"elementor-column elementor-col-100 elementor-top-column elementor-element elementor-element-aa1394b\" data-id=\"aa1394b\" data-element_type=\"column\">\n\t\t\t<div class=\"elementor-widget-wrap elementor-element-populated\">\n\t\t\t\t\t\t<div class=\"elementor-element elementor-element-7e64d45 elementor-widget elementor-widget-menu-anchor\" data-id=\"7e64d45\" data-element_type=\"widget\" data-widget_type=\"menu-anchor.default\">\n\t\t\t\t<div class=\"elementor-widget-container\">\n\t\t\t\t\t\t\t<div class=\"elementor-menu-anchor\" id=\"intro\"><\/div>\n\t\t\t\t\t\t<\/div>\n\t\t\t\t<\/div>\n\t\t\t\t\t<\/div>\n\t\t<\/div>\n\t\t\t\t\t<\/div>\n\t\t<\/section>\n\t\t\t\t<section class=\"elementor-section elementor-top-section elementor-element elementor-element-f823729 elementor-section-boxed elementor-section-height-default elementor-section-height-default\" data-id=\"f823729\" data-element_type=\"section\">\n\t\t\t\t\t\t<div class=\"elementor-container elementor-column-gap-no\">\n\t\t\t\t\t<div class=\"elementor-column elementor-col-100 elementor-top-column elementor-element elementor-element-6cdd9f4\" data-id=\"6cdd9f4\" data-element_type=\"column\">\n\t\t\t<div class=\"elementor-widget-wrap elementor-element-populated\">\n\t\t\t\t\t\t<div class=\"elementor-element elementor-element-3ed3c35 elementor-widget elementor-widget-heading\" data-id=\"3ed3c35\" data-element_type=\"widget\" data-widget_type=\"heading.default\">\n\t\t\t\t<div class=\"elementor-widget-container\">\n\t\t\t\t\t<span class=\"elementor-heading-title elementor-size-default\">A casa nostra<\/span>\t\t\t\t<\/div>\n\t\t\t\t<\/div>\n\t\t\t\t<div class=\"elementor-element elementor-element-e24f056 elementor-widget elementor-widget-heading\" data-id=\"e24f056\" data-element_type=\"widget\" data-widget_type=\"heading.default\">\n\t\t\t\t<div class=\"elementor-widget-container\">\n\t\t\t\t\t<h1 class=\"elementor-heading-title elementor-size-default\">dove l'ambiente \u00e8 cos\u00ec caloroso e la vista cos\u00ec mozzafiato<\/h1>\t\t\t\t<\/div>\n\t\t\t\t<\/div>\n\t\t\t\t<div class=\"elementor-element elementor-element-a045ccf elementor-widget elementor-widget-text-editor\" data-id=\"a045ccf\" data-element_type=\"widget\" data-widget_type=\"text-editor.default\">\n\t\t\t\t<div class=\"elementor-widget-container\">\n\t\t\t\t\t\t\t\t\t<p>Al Ristorante Steinraffler a Neustift\/Bressanone non vi attende solo un&#8217;atmosfera che combina accoglienza con un pizzico di esclusivit\u00e0, ma anche la mano amorevole di Lidia che decora ogni spazio e vi serve con un sorriso. La nostra cucina aperta, dove Julian o Peter cucinano con passione, e l&#8217;arredamento scelto con cura da Lidia creano un&#8217;atmosfera personale. Dalla nostra terrazza si apre la vista sui vigneti fino a Bressanone e il Plose \u2013 un panorama che si siede al nostro tavolo rendendo ogni pasto un momento clou. Qui, allo &#8220;Steinraffler&#8221;, si fondono cucina locale, servizio cordiale e un ambiente accogliente.<\/p>\t\t\t\t\t\t\t\t<\/div>\n\t\t\t\t<\/div>\n\t\t\t\t\t<\/div>\n\t\t<\/div>\n\t\t\t\t\t<\/div>\n\t\t<\/section>\n\t\t<div class=\"elementor-element elementor-element-253a1a3 e-flex e-con-boxed e-con e-parent\" data-id=\"253a1a3\" data-element_type=\"container\" data-settings=\"{&quot;background_background&quot;:&quot;classic&quot;}\">\n\t\t\t\t\t<div class=\"e-con-inner\">\n\t\t<div class=\"elementor-element elementor-element-941c46a e-con-full e-flex e-con e-child\" data-id=\"941c46a\" data-element_type=\"container\">\n\t\t\t\t<div class=\"elementor-element elementor-element-1b36195 elementor-widget elementor-widget-image\" data-id=\"1b36195\" data-element_type=\"widget\" data-widget_type=\"image.default\">\n\t\t\t\t<div class=\"elementor-widget-container\">\n\t\t\t\t\t\t\t\t\t\t\t\t\t\t\t<img fetchpriority=\"high\" decoding=\"async\" width=\"1024\" height=\"683\" src=\"https:\/\/steinraffler.it\/wp-content\/uploads\/2024\/04\/Restaurant-Steinraffler-Restaurant-1.jpg\" class=\"attachment-full size-full wp-image-6480\" alt=\"Restaurant Steinraffler - Restaurant 1\" \/>\t\t\t\t\t\t\t\t\t\t\t\t\t\t\t<\/div>\n\t\t\t\t<\/div>\n\t\t\t\t<\/div>\n\t\t<div class=\"elementor-element elementor-element-38f6056 e-con-full e-flex e-con e-child\" data-id=\"38f6056\" data-element_type=\"container\">\n\t\t\t\t<div class=\"elementor-element elementor-element-b67d91b elementor-widget elementor-widget-image\" data-id=\"b67d91b\" data-element_type=\"widget\" data-widget_type=\"image.default\">\n\t\t\t\t<div class=\"elementor-widget-container\">\n\t\t\t\t\t\t\t\t\t\t\t\t\t\t\t<img decoding=\"async\" width=\"1024\" height=\"683\" src=\"https:\/\/steinraffler.it\/wp-content\/uploads\/2024\/04\/Restaurant-Steinraffler-Restaurant-2.jpg\" class=\"attachment-full size-full wp-image-6482\" alt=\"Restaurant Steinraffler - Restaurant 2\" \/>\t\t\t\t\t\t\t\t\t\t\t\t\t\t\t<\/div>\n\t\t\t\t<\/div>\n\t\t\t\t<\/div>\n\t\t<div class=\"elementor-element elementor-element-ea03104 e-con-full e-flex e-con e-child\" data-id=\"ea03104\" data-element_type=\"container\">\n\t\t\t\t<div class=\"elementor-element elementor-element-e8cc3ef elementor-widget elementor-widget-image\" data-id=\"e8cc3ef\" data-element_type=\"widget\" data-widget_type=\"image.default\">\n\t\t\t\t<div class=\"elementor-widget-container\">\n\t\t\t\t\t\t\t\t\t\t\t\t\t\t\t<img decoding=\"async\" width=\"1024\" height=\"683\" src=\"https:\/\/steinraffler.it\/wp-content\/uploads\/2024\/04\/Restaurant-Steinraffler-Restaurant-3.jpg\" class=\"attachment-full size-full wp-image-6484\" alt=\"Restaurant Steinraffler - Restaurant 3\" \/>\t\t\t\t\t\t\t\t\t\t\t\t\t\t\t<\/div>\n\t\t\t\t<\/div>\n\t\t\t\t<\/div>\n\t\t<div class=\"elementor-element elementor-element-02b4e56 e-con-full e-flex e-con e-child\" data-id=\"02b4e56\" data-element_type=\"container\">\n\t\t\t\t<div class=\"elementor-element elementor-element-9c7a1d8 elementor-widget elementor-widget-image\" data-id=\"9c7a1d8\" data-element_type=\"widget\" data-widget_type=\"image.default\">\n\t\t\t\t<div class=\"elementor-widget-container\">\n\t\t\t\t\t\t\t\t\t\t\t\t\t\t\t<img loading=\"lazy\" decoding=\"async\" width=\"1024\" height=\"683\" src=\"https:\/\/steinraffler.it\/wp-content\/uploads\/2024\/04\/Restaurant-Steinraffler-Home-Einladend-1.jpg\" class=\"attachment-full size-full wp-image-6339\" alt=\"Restaurant Steinraffler - Home Einladend 1\" \/>\t\t\t\t\t\t\t\t\t\t\t\t\t\t\t<\/div>\n\t\t\t\t<\/div>\n\t\t\t\t<\/div>\n\t\t\t\t\t<\/div>\n\t\t\t\t<\/div>\n\t\t\t\t<section class=\"elementor-section elementor-top-section elementor-element elementor-element-abb427d elementor-section-boxed elementor-section-height-default elementor-section-height-default\" data-id=\"abb427d\" data-element_type=\"section\">\n\t\t\t\t\t\t<div class=\"elementor-container elementor-column-gap-no\">\n\t\t\t\t\t<div class=\"elementor-column elementor-col-100 elementor-top-column elementor-element elementor-element-d41ed22\" data-id=\"d41ed22\" data-element_type=\"column\">\n\t\t\t<div class=\"elementor-widget-wrap elementor-element-populated\">\n\t\t\t\t\t\t<div class=\"elementor-element elementor-element-f3cd7d1 elementor-widget elementor-widget-heading\" data-id=\"f3cd7d1\" data-element_type=\"widget\" data-widget_type=\"heading.default\">\n\t\t\t\t<div class=\"elementor-widget-container\">\n\t\t\t\t\t<span class=\"elementor-heading-title elementor-size-default\">Perch\u00e9 \u00e8 cos\u00ec!<\/span>\t\t\t\t<\/div>\n\t\t\t\t<\/div>\n\t\t\t\t<div class=\"elementor-element elementor-element-be6b153 elementor-widget elementor-widget-heading\" data-id=\"be6b153\" data-element_type=\"widget\" data-widget_type=\"heading.default\">\n\t\t\t\t<div class=\"elementor-widget-container\">\n\t\t\t\t\t<h1 class=\"elementor-heading-title elementor-size-default\">\"Il buon cibo \u00e8 come un abbraccio dall'interno \u2013 riscalda, unisce, racconta storie. Da noi, ogni pasto inizia con un sorriso e finisce con un ricordo.\"<\/h1>\t\t\t\t<\/div>\n\t\t\t\t<\/div>\n\t\t\t\t\t<\/div>\n\t\t<\/div>\n\t\t\t\t\t<\/div>\n\t\t<\/section>\n\t\t<div class=\"elementor-element elementor-element-f7deae9 e-flex e-con-boxed e-con e-parent\" data-id=\"f7deae9\" data-element_type=\"container\" data-settings=\"{&quot;background_background&quot;:&quot;classic&quot;}\">\n\t\t\t\t\t<div class=\"e-con-inner\">\n\t\t\t\t\t<\/div>\n\t\t\t\t<\/div>\n\t\t\t\t<\/div>\n\t\t","protected":false},"excerpt":{"rendered":"<p>Unicamente bello In mezzo ai vigneti, accogliente e con una vista sull&#8217;Isarco A casa nostra dove l&#8217;ambiente \u00e8 cos\u00ec caloroso e la vista cos\u00ec mozzafiato Al Ristorante Steinraffler a Neustift\/Bressanone non vi attende solo un&#8217;atmosfera che combina accoglienza con un pizzico di esclusivit\u00e0, ma anche la mano amorevole di Lidia che decora ogni spazio e [&hellip;]<\/p>\n","protected":false},"author":2,"featured_media":6442,"parent":0,"menu_order":2,"comment_status":"closed","ping_status":"closed","template":"","meta":{"footnotes":""},"class_list":["post-6820","page","type-page","status-publish","has-post-thumbnail","hentry"],"_links":{"self":[{"href":"https:\/\/steinraffler.it\/it\/wp-json\/wp\/v2\/pages\/6820","targetHints":{"allow":["GET"]}}],"collection":[{"href":"https:\/\/steinraffler.it\/it\/wp-json\/wp\/v2\/pages"}],"about":[{"href":"https:\/\/steinraffler.it\/it\/wp-json\/wp\/v2\/types\/page"}],"author":[{"embeddable":true,"href":"https:\/\/steinraffler.it\/it\/wp-json\/wp\/v2\/users\/2"}],"replies":[{"embeddable":true,"href":"https:\/\/steinraffler.it\/it\/wp-json\/wp\/v2\/comments?post=6820"}],"version-history":[{"count":3,"href":"https:\/\/steinraffler.it\/it\/wp-json\/wp\/v2\/pages\/6820\/revisions"}],"predecessor-version":[{"id":7213,"href":"https:\/\/steinraffler.it\/it\/wp-json\/wp\/v2\/pages\/6820\/revisions\/7213"}],"wp:featuredmedia":[{"embeddable":true,"href":"https:\/\/steinraffler.it\/it\/wp-json\/wp\/v2\/media\/6442"}],"wp:attachment":[{"href":"https:\/\/steinraffler.it\/it\/wp-json\/wp\/v2\/media?parent=6820"}],"curies":[{"name":"wp","href":"https:\/\/api.w.org\/{rel}","templated":true}]}}